{"id":1954,"date":"2021-10-01T18:36:51","date_gmt":"2021-10-01T18:36:51","guid":{"rendered":"https:\/\/v2.ihr-redner.at\/?page_id=1954"},"modified":"2021-10-04T15:02:55","modified_gmt":"2021-10-04T15:02:55","slug":"impressum","status":"publish","type":"page","link":"https:\/\/ihr-redner.at\/index.php\/impressum\/","title":{"rendered":"Impressum"},"content":{"rendered":"\n<h1 class=\"alignwide has-text-align-center wp-block-heading\">Impressum<br><br><\/h1>\n\n\n\n<div class=\"wp-block-group\"><div class=\"wp-block-group__inner-container is-layout-flow wp-block-group-is-layout-flow\">\n<p class=\"has-text-align-center has-black-color has-text-color\" style=\"font-size:18px\"><strong>Verantwortlich f\u00fcr den Inhalt<\/strong><br><br>Ing. Eisenschin Erwin<br>Freier Redner<br><br>Mail:&nbsp;<a href=\"mailto:ihr.redner.at@gmail.com\">ihr.redner.at@gmail.com<\/a><br>Tel.Nr.: +43 (0) 650 390 52 00<br>Draugasse 7\/243<br>1210 Wien<br><br><strong>Informationen zum Schutz ihrer Daten finden sie hier in der<\/strong> <strong>Datenschutzerkl\u00e4rung<\/strong><\/p>\n\n\n\n<p style=\"text-align: center;\"><input type='hidden' bg_collapse_expand='6a05328b5ed3a5077674089' value='6a05328b5ed3a5077674089'><input type='hidden' id='bg-show-more-text-6a05328b5ed3a5077674089' value='Datenschutzerkl\u00e4rung \u00f6ffnen'><input type='hidden' id='bg-show-less-text-6a05328b5ed3a5077674089' value='Schlie\u00dfen'><button id='bg-showmore-action-6a05328b5ed3a5077674089' class='bg-showmore-plg-button bg-blue-button  '   style=\" color:#ffffff;\">Datenschutzerkl\u00e4rung \u00f6ffnen<\/button><div id='bg-showmore-hidden-6a05328b5ed3a5077674089' ><\/p>\n<p class=\"has-text-align-center has-black-color has-text-color\" style=\"font-size: 18px\"><strong>Der Schutz und die Sicherheit Ihrer pers\u00f6nlichen Daten ist mir ein wichtiges Anliegen.<\/strong><\/p>\n<p><strong><br>\n<\/strong><\/p>\n<p><strong><\/strong><strong>Um Sie in vollem Umfang \u00fcber die Verwendung personenbezogener Daten zu informieren, bitte ich Sie die folgenden Datenschutzhinweise zur Kenntnis zu nehmen.<\/strong><\/p>\n<p><strong><br>\n<\/strong><\/p>\n<p><strong><\/strong>Ihre personenbezogenen Daten werden vertraulich und entsprechend der gesetzlichen Datenschutzvorschriften sowie dieser Datenschutzerkl\u00e4rung behandelt. Wenn Sie diese Website benutzen, werden verschiedene personenbezogene Daten erhoben. Personenbezogene Daten sind Daten, mit denen Sie pers\u00f6nlich identifiziert werden k\u00f6nnen. Die vorliegende Datenschutzerkl\u00e4rung erl\u00e4utert, welche Daten erhoben und wof\u00fcr sie genutzt werden. Sie erl\u00e4utert auch, wie und zu welchem Zweck das geschieht. Ich weise Sie darauf hin, dass die Daten\u00fcbertragung im Internet (z.B. bei der Kommunikation per E-Mail) Sicherheitsl\u00fccken aufweisen kann. Ein l\u00fcckenloser Schutz der Daten vor dem Zugriff durch Dritte ist nicht m\u00f6glich.<\/p>\n<p><strong>1. KONTAKTM\u00d6GLICHKEIT<\/strong><\/p>\n<p><strong><br>\n<\/strong><\/p>\n<p><strong><\/strong>Ich biete Ihnen auf meiner Seite die M\u00f6glichkeit mit mir per E-Mail oder per Kontaktformular in Verbindung zu treten.&nbsp;Wenn sie mir Ihre Anfrage zukommen lassen, werden Ihre Angaben inklusive der von Ihnen dort angegebenen Kontaktdaten zwecks Bearbeitung der Anfrage und f\u00fcr den Fall von Anschlussfragen bei mir gespeichert. Diese Daten gebe&nbsp;ich ohne Ihre Einwilligung nicht weiter. Die Verarbeitung Ihrer eingegebenen Daten erfolgt somit ausschlie\u00dflich auf Grundlage Ihrer Einwilligung (Art. 6 Abs. 1 lit. a DSGVO). Sie k\u00f6nnen diese Einwilligung jederzeit widerrufen. Dazu reicht eine formlose Mitteilung per E-Mail an mich. Die Rechtm\u00e4\u00dfigkeit der bis zum Widerruf erfolgten Datenverarbeitungsvorg\u00e4nge bleibt vom Widerruf unber\u00fchrt. Die von Ihnen eingegebenen Daten verbleiben bei mir bis Sie mich zur L\u00f6schung auffordern, Ihre Einwilligung zur Speicherung widerrufen oder der Zweck&nbsp;der Datenspeicherung entf\u00e4llt (z.B. nach abgeschlossener Bearbeitung Ihrer Anfrage). Zwingende gesetzliche Bestimmungen &#8211; insbersondere Aufbewahrungsfristen &#8211; bleiben unber\u00fchrt. Eine Weitergabe an Dritte erfolgt nicht. Ein Abgleich der so erhobenen Daten mit Daten, die m\u00f6glicherweise durch andere Komponenten meiner Seite erhoben werden, erfolgt ebenfalls nicht.<\/p>\n<p><strong>2.&nbsp;COOKIES<\/strong><\/p>\n<p><strong><br>\n<\/strong><\/p>\n<p><strong><\/strong>Meine Website verwendet sogenannte Cookies. Dabei handelt es sich um kleine Dateien, die mit Hilfe des Browsers auf Ihrem Endger\u00e4t abgelegt werden. Sie richten keinen Schaden an. Wir nutzen Cookies dazu, mein Angebot nutzerfreundliche zu gestalten. Einige Cookies bleiben auf Ihrem Endger\u00e4t gespeichert bis Sie diese l\u00f6schen. Sie erm\u00f6glichen es mir, Ihren Browser beim n\u00e4chsten Besuch wiederzuerkennen. Wenn Sie dies nicht w\u00fcnschen, k\u00f6nnen Sie in Ihrem Browser das Speichern von Cookies deaktivieren oder Ihren Browser so einrichten, dass er Sie \u00fcber das Setzen von Cookies informiert und Sie dies nur im Einzelfall erlauben. Bei der Deaktivierung von Cookies kann die Funktionalit\u00e4t meiner Website eingeschr\u00e4nkt sein.<\/p>\n<p><strong>3. SERVERDATEN<\/strong><\/p>\n<p><strong><br>\n<\/strong><\/p>\n<p><strong><\/strong>Aus technischen Gr\u00fcnden werden u.a. folgende Daten, die Ihr Internet-Browser an mich bzw. an meine Webspace-Provider \u00fcbermittelt, erfasst (sogenannte Serverlogfiles):<\/p>\n<p>\u2013 Browsertyp und -version<br>\u2013 verwendetes Betriebssystem<br>\u2013 Webseite, von der aus Sie mich besuchen (Referrer URL)<br>\u2013 Webseite, die Sie besuchen<br>\u2013 Datum und Uhrzeit Ihres Zugriffs<br>\u2013 Ihre Internet Protokoll (IP)-Adresse.<\/p>\n<p>Diese anonymen Daten werden getrennt von Ihren eventuell angegebenen personenbezogenen Daten gespeichert und lassen so keine R\u00fcckschl\u00fcsse auf eine bestimmte Person zu. Sie werden zu statistischen Zwecken ausgewertet, um meinen Internetauftritt und meine Angebote optimieren zu k\u00f6nnen.<\/p>\n<p><strong>4.&nbsp;GOOGLE ANALYTICS<\/strong><\/p>\n<p><strong><br>\n<\/strong><\/p>\n<p><strong><\/strong>Meine Website benutzt Google Analytics, einen Webanalysedienst der Google Inc., 1600 Amphitheatre Parkway, Mountain View, CA 94043 USA, nachfolgend \u201eGoogle\u201c, ein.<\/p>\n<p>Google Analytics verwendet Cookies, die eine Analyse der Benutzung der Website durch Sie erm\u00f6glichen. Die dadurch erzeugten Informationen werden in der Regel an einen Server von Google in den USA \u00fcbertragen und dort gespeichert. Durch die aktivierte IP-Anonymisierung auf dieser Website, wird Ihre IP-Adresse von Google jedoch innerhalb von Mitgliedstaaten der Europ\u00e4ischen Union oder in anderen Vertragsstaaten des Abkommens \u00fcber den Europ\u00e4ischen Wirtschaftsraum zuvor gek\u00fcrzt. Nur in Ausnahmef\u00e4llen wird die volle IP-Adresse an einen Server von Google in den USA \u00fcbertragen und dort gek\u00fcrzt. Im Auftrag des Betreibers dieser Website wird Google diese Informationen benutzen, um Ihre Nutzung der Website auszuwerten, um Reports \u00fcber die Websiteaktivit\u00e4ten zusammenzustellen und um weitere mit der Websitenutzung und der Internetnutzung verbundene Dienstleistungen gegen\u00fcber dem Websitebetreiber zu erbringen. Die im Rahmen von Google Analytics von Ihrem Browser \u00fcbermittelte IP-Adresse wird nicht mit anderen Daten von Google zusammengef\u00fchrt. Sie k\u00f6nnen die Speicherung der Cookies durch eine entsprechende Einstellung Ihrer Browser-Software verhindern; wir weisen Sie jedoch darauf hin, dass Sie in diesem Fall gegebenenfalls nicht s\u00e4mtliche Funktionen dieser Website vollumf\u00e4nglich werden nutzen k\u00f6nnen. Sie k\u00f6nnen dar\u00fcber hinaus die Erfassung der durch das Cookie erzeugten und auf Ihre Nutzung der Website bezogenen Daten (inkl. Ihrer IP-Adresse) an Google sowie die Verarbeitung dieser Daten durch Google verhindern, indem sie das unter dem folgenden Link https:\/\/tools.google.com\/dlpage\/gaoptout?hl=de verf\u00fcgbare Browser-Plugin herunterladen und installieren. N\u00e4here Informationen zu Nutzungsbedingungen und Datenschutz finden Sie unter https:\/\/www.google.com\/analytics\/terms\/de.html bzw. unter https:\/\/support.google.com\/analytics\/answer\/6004245?hl=de. Wir weisen Sie darauf hin, dass auf dieser Website Google Analytics um den Code \u201egat._anonymizeIp();\u201c erweitert wurde, um eine anonymisierte Erfassung von IP-Adressen (sog. IP-Masking) zu gew\u00e4hrleisten.<\/p>\n<p><strong>5.&nbsp;FACEBOOK<\/strong><\/p>\n<p><strong><br>\n<\/strong><\/p>\n<p><strong><\/strong>Auf meiner Seite sind Plugins des sozialen Netzwerks Facebook, 1601 South California Avenue, Palo Alto, CA 94304, USA integriert. Die Facebook-Plugins erkennen Sie an dem Facebook-Logo oder dem \u201eLike-Button\u201c (\u201eGef\u00e4llt mir\u201c) auf unserer Seite. Eine \u00dcbersicht \u00fcber die Facebook-Plugins finden Sie hier: https:\/\/developers.facebook.com\/docs\/plugins\/.<\/p>\n<p>Wenn Sie meine Seite besuchen, wird \u00fcber das Plugin eine direkte Verbindung zwischen Ihrem Browser und dem Facebook-Server hergestellt. Facebook erh\u00e4lt dadurch die Information, dass Sie mit Ihrer IP-Adresse meine Seite besucht haben. Wenn Sie den Facebook \u201eLike-Button\u201c anklicken w\u00e4hrend Sie in Ihrem Facebook-Account eingeloggt sind, k\u00f6nnen Sie die Inhalte meiner Seite auf Ihrem Facebook-Profil verlinken. Dadurch kann Facebook den Besuch meiner Seite Ihrem Benutzerkonto zuordnen. Wir weisen darauf hin, dass ich als Anbieter der Seite keine Kenntnis vom Inhalt der \u00fcbermittelten Daten sowie deren Nutzung durch Facebook erhalten. Weitere Informationen hierzu finden Sie in der Datenschutzerkl\u00e4rung von Facebook unter https:\/\/www.facebook.com\/policy.php. Wenn Sie nicht w\u00fcnschen, dass Facebook den Besuch meiner Seite Ihrem Facebook- Nutzerkonto zuordnen kann, loggen Sie sich bitte aus Ihrem Facebook-Benutzerkonto aus.<\/p>\n<p><strong>6.&nbsp;INSTAGRAM<\/strong><\/p>\n<p><strong><br>\n<\/strong><\/p>\n<p><strong><\/strong>Auf meiner Website sind Funktionen des Dienstes Instagram eingebunden. Diese Funktionen werden durch die Instagram Inc., 1601 Willow Road, Menlo Park, CA, 94025, USA angeboten. Wenn Sie in Ihren Instagram-Account eingeloggt sind, k\u00f6nnen Sie durch Anklicken des Instagram-Buttons die Inhalte meiner Seite mit Ihrem Instagram-Profil verlinken. Dadurch kann Instagram den Besuch meiner Seite Ihrem Benutzerkonto zuordnen. Ich weise darauf hin, dass ich als Anbieter der Seite keine Kenntnis vom Inhalt der \u00fcbermittelten Daten sowie deren Nutzung durch Instagram erhalten.<\/p>\n<p>Weitere Informationen hierzu finden Sie in der Datenschutzerkl\u00e4rung von Instagram auf https:\/\/www.instagram.com\/about\/legal\/privacy\/.<\/p>\n<p><strong>7. IHRE RECHTE<\/strong><\/p>\n<p><strong><br>\n<\/strong><\/p>\n<p><strong><\/strong>Sie haben im Rahmen der geltenden gesetzlichen Bestimmungen gem\u00e4\u00df DSGVO&nbsp;jederzeit das Recht auf unentgeltliche Auskunft \u00fcber Ihre gespeicherten personenbezogenen Daten, deren Herkunft und Empf\u00e4nger und den Zweck der Datenverarbeitung und ggf. ein Recht auf Berichtigung, Sperrung, Einschr\u00e4nkung, Daten\u00fcbertragbarkeit,&nbsp;Widerruf, Widerspruch&nbsp;oder L\u00f6schung dieser Daten. Hierzu sowie zu weiteren Fragen zum Thema personenbezogene Daten k\u00f6nnen Sie sich jederzeit unter der im Impressum angegebenen Adresse an mich wenden.<\/p>\n<p><\/div><\/p>\n\n\n\n<hr class=\"wp-block-separator has-text-color has-background has-black-background-color has-black-color\"\/>\n\n\n\n<p class=\"has-text-align-center has-black-color has-text-color\" style=\"font-size:18px\"><strong>Haftungsausschluss<\/strong><\/p>\n\n\n\n<p class=\"has-text-align-center has-black-color has-text-color\" style=\"font-size:18px\">Dieser Haftungsausschluss ist als Teil des Internetangebotes zu betrachten, von dem aus auf diese Webseite verwiesen wurde. Sofern Teile oder einzelne Formulierungen dieses Textes der geltenden Rechtslage nicht, nicht mehr oder nicht vollst\u00e4ndig entsprechen sollten, bleiben die \u00fcbrigen Teile des Dokumentes in ihrem Inhalt und ihrer G\u00fcltigkeit davon unber\u00fchrt.&nbsp;<\/p>\n\n\n\n<p class=\"has-text-align-center has-black-color has-text-color\" style=\"font-size:18px\"><strong>Haftung f\u00fcr Inhalte dieser Webseite<\/strong><\/p>\n\n\n\n<p class=\"has-text-align-center has-black-color has-text-color\" style=\"font-size:18px\">Die Inhalte dieser Webseite wurden mit gr\u00f6\u00dftm\u00f6glicher Sorgfalt erstellt. F\u00fcr die Richtigkeit, Vollst\u00e4ndigkeit und Aktualit\u00e4t der Inhalte \u00fcbernehme ich jedoch keine Gew\u00e4hr. Als Diensteanbieter bin ich f\u00fcr eigene Inhalte auf diesen Seiten nach den allgemeinen Gesetzen verantwortlich. Ich bin jedoch nicht verpflichtet, \u00fcbermittelte oder gespeicherte fremde Informationen zu \u00fcberwachen oder nach Umst\u00e4nden zu forschen, die auf eine rechtswidrige T\u00e4tigkeit hinweisen. Verpflichtungen zur Entfernung oder Sperrung der Nutzung von Informationen nach den allgemeinen Gesetzen bleiben hiervon unber\u00fchrt. Eine diesbez\u00fcgliche Haftung ist jedoch erst ab dem Zeitpunkt der Kenntnis einer konkreten Rechtsverletzung m\u00f6glich. Bei Bekanntwerden von entsprechenden Rechtsverletzungen werde ich &nbsp;diese Inhalte umgehend entfernen.<\/p>\n\n\n\n<p class=\"has-text-align-center has-black-color has-text-color\" style=\"font-size:18px\"><strong>Haftung f\u00fcr Links auf Webseiten Dritter<\/strong><\/p>\n\n\n\n<p class=\"has-text-align-center has-black-color has-text-color\" style=\"font-size:18px\">Mein Angebot enth\u00e4lt Links zu externen Websites. Auf den Inhalt dieser externen Webseiten habe ich&nbsp;keinerlei Einfluss. Deshalb kann ich f\u00fcr diese fremden Inhalte auch keine Gew\u00e4hr \u00fcbernehmen. F\u00fcr die Inhalte der verlinkten Seiten ist stets der jeweilige Anbieter oder Betreiber der Seiten verantwortlich. Die verlinkten Seiten wurden zum Zeitpunkt der Verlinkung auf m\u00f6gliche Rechtsverst\u00f6\u00dfe \u00fcberpr\u00fcft. Rechtswidrige Inhalte waren zum Zeitpunkt der Verlinkung nicht erkennbar. Eine permanente inhaltliche Kontrolle der verlinkten Seiten ist jedoch ohne konkrete Anhaltspunkte einer Rechtsverletzung nicht zumutbar. Bei Bekanntwerden von Rechtsverletzungen werde ich&nbsp;derartige Links umgehend entfernen.<\/p>\n\n\n\n<p class=\"has-text-align-center has-black-color has-text-color\" style=\"font-size:18px\"><strong>Urheberrecht<\/strong><\/p>\n\n\n\n<p class=\"has-text-align-center has-black-color has-text-color\" style=\"font-size:18px\">Als&nbsp;Betreiber dieser Webseite bin ich bem\u00fcht, stets die Urheberrechte anderer zu beachten bzw. auf selbst erstellte sowie lizenzfreie Werke zur\u00fcckzugreifen. Die durch den Seitenbetreiber erstellten Inhalte und Werke auf dieser Webseite unterliegen dem Urheberrecht. Beitr\u00e4ge Dritter sind als solche gekennzeichnet. Die Vervielf\u00e4ltigung, Bearbeitung, Verbreitung und jede Art der Verwertung au\u00dferhalb der Grenzen des Urheberrechtes bed\u00fcrfen der schriftlichen Zustimmung des jeweiligen Autors bzw. Erstellers. Downloads und Kopien dieser Seite sind nur f\u00fcr den privaten, nicht kommerziellen Gebrauch gestattet.<\/p>\n\n\n\n<p class=\"has-text-align-center has-black-color has-text-color\" style=\"font-size:18px\"><strong>Fotos<\/strong><\/p>\n\n\n\n<p class=\"has-text-align-center has-black-color has-text-color\" style=\"font-size:18px\">Die Bilder auf dieser Website sind Eigentum von Ing.Eisenschin Erwin und d\u00fcrfen nur nach schriftlicher Best\u00e4tigung weiterverwendet werden. Das unerlaubte Verwenden dieser Bild ist nicht gestattet und strafbar.<\/p>\n<\/div><\/div>\n","protected":false},"excerpt":{"rendered":"<p>Impressum Verantwortlich f\u00fcr den Inhalt Ing. Eisenschin ErwinFreier Redner Mail:&nbsp;ihr.redner.at@gmail.comTel.Nr.: +43 (0) 650 390 52 00Draugasse 7\/2431210 Wien Informationen zum Schutz ihrer Daten finden sie hier in der Datenschutzerkl\u00e4rung Haftungsausschluss &#8230;<\/p>\n","protected":false},"author":1,"featured_media":0,"parent":0,"menu_order":0,"comment_status":"closed","ping_status":"closed","template":"","meta":{"footnotes":""},"class_list":["post-1954","page","type-page","status-publish","hentry"],"yoast_head":"<!-- This site is optimized with the Yoast SEO plugin v26.6 - https:\/\/yoast.com\/wordpress\/plugins\/seo\/ -->\n<title>Freie Trauung, Heiraten, Hochzeit, Trauredner, Hochzeitsredner, Erneuerung des Eheversprechens, Willkommensfeier, Freie Hochzeitszermonie, Freier Redner<\/title>\n<meta name=\"description\" content=\"Freie Trauung, Heiraten, Hochzeit, Trauredner, Hochzeitsredner, Erneuerung des Eheversprechens, Willkommensfeier, Freie Hochzeitszermonie, Freier Redner\" \/>\n<meta name=\"robots\" content=\"index, follow, max-snippet:-1, max-image-preview:large, max-video-preview:-1\" \/>\n<link rel=\"canonical\" href=\"https:\/\/ihr-redner.at\/index.php\/impressum\/\" \/>\n<meta property=\"og:locale\" content=\"de_DE\" \/>\n<meta property=\"og:type\" content=\"article\" \/>\n<meta property=\"og:title\" content=\"Freie Trauung, Heiraten, Hochzeit, Trauredner, Hochzeitsredner, Erneuerung des Eheversprechens, Willkommensfeier, Freie Hochzeitszermonie, Freier Redner\" \/>\n<meta property=\"og:description\" content=\"Freie Trauung, Heiraten, Hochzeit, Trauredner, Hochzeitsredner, Erneuerung des Eheversprechens, Willkommensfeier, Freie Hochzeitszermonie, Freier Redner\" \/>\n<meta property=\"og:url\" content=\"https:\/\/ihr-redner.at\/index.php\/impressum\/\" \/>\n<meta property=\"og:site_name\" content=\"Ihr Redner - Erwin Eisenschin\" \/>\n<meta property=\"article:publisher\" content=\"https:\/\/www.facebook.com\/ihrredner\" \/>\n<meta property=\"article:modified_time\" content=\"2021-10-04T15:02:55+00:00\" \/>\n<meta name=\"twitter:card\" content=\"summary_large_image\" \/>\n<meta name=\"twitter:label1\" content=\"Gesch\u00e4tzte Lesezeit\" \/>\n\t<meta name=\"twitter:data1\" content=\"8\u00a0Minuten\" \/>\n<script type=\"application\/ld+json\" class=\"yoast-schema-graph\">{\"@context\":\"https:\/\/schema.org\",\"@graph\":[{\"@type\":\"WebPage\",\"@id\":\"https:\/\/ihr-redner.at\/index.php\/impressum\/\",\"url\":\"https:\/\/ihr-redner.at\/index.php\/impressum\/\",\"name\":\"Freie Trauung, Heiraten, Hochzeit, Trauredner, Hochzeitsredner, Erneuerung des Eheversprechens, Willkommensfeier, Freie Hochzeitszermonie, Freier Redner\",\"isPartOf\":{\"@id\":\"https:\/\/ihr-redner.at\/#website\"},\"datePublished\":\"2021-10-01T18:36:51+00:00\",\"dateModified\":\"2021-10-04T15:02:55+00:00\",\"description\":\"Freie Trauung, Heiraten, Hochzeit, Trauredner, Hochzeitsredner, Erneuerung des Eheversprechens, Willkommensfeier, Freie Hochzeitszermonie, Freier Redner\",\"breadcrumb\":{\"@id\":\"https:\/\/ihr-redner.at\/index.php\/impressum\/#breadcrumb\"},\"inLanguage\":\"de\",\"potentialAction\":[{\"@type\":\"ReadAction\",\"target\":[\"https:\/\/ihr-redner.at\/index.php\/impressum\/\"]}]},{\"@type\":\"BreadcrumbList\",\"@id\":\"https:\/\/ihr-redner.at\/index.php\/impressum\/#breadcrumb\",\"itemListElement\":[{\"@type\":\"ListItem\",\"position\":1,\"name\":\"Startseite\",\"item\":\"https:\/\/ihr-redner.at\/\"},{\"@type\":\"ListItem\",\"position\":2,\"name\":\"Impressum\"}]},{\"@type\":\"WebSite\",\"@id\":\"https:\/\/ihr-redner.at\/#website\",\"url\":\"https:\/\/ihr-redner.at\/\",\"name\":\"Ihr Redner - Erwin Eisenschin\",\"description\":\"Freie Trauung, Heiraten, Hochzeit, Trauredner, Hochzeitsredner, Erneuerung des Eheversprechens, Willkommensfeier, Freie Hochzeitszermonie, Freier Redner\",\"publisher\":{\"@id\":\"https:\/\/ihr-redner.at\/#organization\"},\"alternateName\":\"Freie Trauung, Heiraten, Hochzeit, Trauredner, Hochzeitsredner, Erneuerung des Eheversprechens, Willkommensfeier, Freie Hochzeitszermonie, Freier Redner\",\"potentialAction\":[{\"@type\":\"SearchAction\",\"target\":{\"@type\":\"EntryPoint\",\"urlTemplate\":\"https:\/\/ihr-redner.at\/?s={search_term_string}\"},\"query-input\":{\"@type\":\"PropertyValueSpecification\",\"valueRequired\":true,\"valueName\":\"search_term_string\"}}],\"inLanguage\":\"de\"},{\"@type\":\"Organization\",\"@id\":\"https:\/\/ihr-redner.at\/#organization\",\"name\":\"Ihr Redner - Erwin Eisenschin\",\"url\":\"https:\/\/ihr-redner.at\/\",\"logo\":{\"@type\":\"ImageObject\",\"inLanguage\":\"de\",\"@id\":\"https:\/\/ihr-redner.at\/#\/schema\/logo\/image\/\",\"url\":\"https:\/\/ihr-redner.at\/wp-content\/uploads\/2021\/10\/mstile-310x310-1.png\",\"contentUrl\":\"https:\/\/ihr-redner.at\/wp-content\/uploads\/2021\/10\/mstile-310x310-1.png\",\"width\":310,\"height\":310,\"caption\":\"Ihr Redner - Erwin Eisenschin\"},\"image\":{\"@id\":\"https:\/\/ihr-redner.at\/#\/schema\/logo\/image\/\"},\"sameAs\":[\"https:\/\/www.facebook.com\/ihrredner\",\"https:\/\/www.youtube.com\/channel\/UCYlEtcoCTppm_l7bnd35FFQ\/featured\",\"https:\/\/www.instagram.com\/ihr_redner_erwin_eisenschin\/?hl=de\"]}]}<\/script>\n<!-- \/ Yoast SEO plugin. -->","yoast_head_json":{"title":"Freie Trauung, Heiraten, Hochzeit, Trauredner, Hochzeitsredner, Erneuerung des Eheversprechens, Willkommensfeier, Freie Hochzeitszermonie, Freier Redner","description":"Freie Trauung, Heiraten, Hochzeit, Trauredner, Hochzeitsredner, Erneuerung des Eheversprechens, Willkommensfeier, Freie Hochzeitszermonie, Freier Redner","robots":{"index":"index","follow":"follow","max-snippet":"max-snippet:-1","max-image-preview":"max-image-preview:large","max-video-preview":"max-video-preview:-1"},"canonical":"https:\/\/ihr-redner.at\/index.php\/impressum\/","og_locale":"de_DE","og_type":"article","og_title":"Freie Trauung, Heiraten, Hochzeit, Trauredner, Hochzeitsredner, Erneuerung des Eheversprechens, Willkommensfeier, Freie Hochzeitszermonie, Freier Redner","og_description":"Freie Trauung, Heiraten, Hochzeit, Trauredner, Hochzeitsredner, Erneuerung des Eheversprechens, Willkommensfeier, Freie Hochzeitszermonie, Freier Redner","og_url":"https:\/\/ihr-redner.at\/index.php\/impressum\/","og_site_name":"Ihr Redner - Erwin Eisenschin","article_publisher":"https:\/\/www.facebook.com\/ihrredner","article_modified_time":"2021-10-04T15:02:55+00:00","twitter_card":"summary_large_image","twitter_misc":{"Gesch\u00e4tzte Lesezeit":"8\u00a0Minuten"},"schema":{"@context":"https:\/\/schema.org","@graph":[{"@type":"WebPage","@id":"https:\/\/ihr-redner.at\/index.php\/impressum\/","url":"https:\/\/ihr-redner.at\/index.php\/impressum\/","name":"Freie Trauung, Heiraten, Hochzeit, Trauredner, Hochzeitsredner, Erneuerung des Eheversprechens, Willkommensfeier, Freie Hochzeitszermonie, Freier Redner","isPartOf":{"@id":"https:\/\/ihr-redner.at\/#website"},"datePublished":"2021-10-01T18:36:51+00:00","dateModified":"2021-10-04T15:02:55+00:00","description":"Freie Trauung, Heiraten, Hochzeit, Trauredner, Hochzeitsredner, Erneuerung des Eheversprechens, Willkommensfeier, Freie Hochzeitszermonie, Freier Redner","breadcrumb":{"@id":"https:\/\/ihr-redner.at\/index.php\/impressum\/#breadcrumb"},"inLanguage":"de","potentialAction":[{"@type":"ReadAction","target":["https:\/\/ihr-redner.at\/index.php\/impressum\/"]}]},{"@type":"BreadcrumbList","@id":"https:\/\/ihr-redner.at\/index.php\/impressum\/#breadcrumb","itemListElement":[{"@type":"ListItem","position":1,"name":"Startseite","item":"https:\/\/ihr-redner.at\/"},{"@type":"ListItem","position":2,"name":"Impressum"}]},{"@type":"WebSite","@id":"https:\/\/ihr-redner.at\/#website","url":"https:\/\/ihr-redner.at\/","name":"Ihr Redner - Erwin Eisenschin","description":"Freie Trauung, Heiraten, Hochzeit, Trauredner, Hochzeitsredner, Erneuerung des Eheversprechens, Willkommensfeier, Freie Hochzeitszermonie, Freier Redner","publisher":{"@id":"https:\/\/ihr-redner.at\/#organization"},"alternateName":"Freie Trauung, Heiraten, Hochzeit, Trauredner, Hochzeitsredner, Erneuerung des Eheversprechens, Willkommensfeier, Freie Hochzeitszermonie, Freier Redner","potentialAction":[{"@type":"SearchAction","target":{"@type":"EntryPoint","urlTemplate":"https:\/\/ihr-redner.at\/?s={search_term_string}"},"query-input":{"@type":"PropertyValueSpecification","valueRequired":true,"valueName":"search_term_string"}}],"inLanguage":"de"},{"@type":"Organization","@id":"https:\/\/ihr-redner.at\/#organization","name":"Ihr Redner - Erwin Eisenschin","url":"https:\/\/ihr-redner.at\/","logo":{"@type":"ImageObject","inLanguage":"de","@id":"https:\/\/ihr-redner.at\/#\/schema\/logo\/image\/","url":"https:\/\/ihr-redner.at\/wp-content\/uploads\/2021\/10\/mstile-310x310-1.png","contentUrl":"https:\/\/ihr-redner.at\/wp-content\/uploads\/2021\/10\/mstile-310x310-1.png","width":310,"height":310,"caption":"Ihr Redner - Erwin Eisenschin"},"image":{"@id":"https:\/\/ihr-redner.at\/#\/schema\/logo\/image\/"},"sameAs":["https:\/\/www.facebook.com\/ihrredner","https:\/\/www.youtube.com\/channel\/UCYlEtcoCTppm_l7bnd35FFQ\/featured","https:\/\/www.instagram.com\/ihr_redner_erwin_eisenschin\/?hl=de"]}]}},"_links":{"self":[{"href":"https:\/\/ihr-redner.at\/index.php\/wp-json\/wp\/v2\/pages\/1954","targetHints":{"allow":["GET"]}}],"collection":[{"href":"https:\/\/ihr-redner.at\/index.php\/wp-json\/wp\/v2\/pages"}],"about":[{"href":"https:\/\/ihr-redner.at\/index.php\/wp-json\/wp\/v2\/types\/page"}],"author":[{"embeddable":true,"href":"https:\/\/ihr-redner.at\/index.php\/wp-json\/wp\/v2\/users\/1"}],"replies":[{"embeddable":true,"href":"https:\/\/ihr-redner.at\/index.php\/wp-json\/wp\/v2\/comments?post=1954"}],"version-history":[{"count":16,"href":"https:\/\/ihr-redner.at\/index.php\/wp-json\/wp\/v2\/pages\/1954\/revisions"}],"predecessor-version":[{"id":2382,"href":"https:\/\/ihr-redner.at\/index.php\/wp-json\/wp\/v2\/pages\/1954\/revisions\/2382"}],"wp:attachment":[{"href":"https:\/\/ihr-redner.at\/index.php\/wp-json\/wp\/v2\/media?parent=1954"}],"curies":[{"name":"wp","href":"https:\/\/api.w.org\/{rel}","templated":true}]}}