{"id":1946,"date":"2021-10-01T18:26:10","date_gmt":"2021-10-01T18:26:10","guid":{"rendered":"https:\/\/v2.ihr-redner.at\/?page_id=1946"},"modified":"2021-10-05T18:58:18","modified_gmt":"2021-10-05T18:58:18","slug":"faq","status":"publish","type":"page","link":"https:\/\/ihr-redner.at\/index.php\/faq\/","title":{"rendered":"FAQ"},"content":{"rendered":"\n<h1 class=\"alignwide has-text-align-center wp-block-heading\">H\u00c4UFIG GESTELLTE FRAGEN<br><br><\/h1>\n\n\n\n<p class=\"has-text-align-center has-black-color has-text-color\" style=\"font-size:18px\"><strong>Werden spezielle Pakete angeboten?<\/strong><br><br>Nein, jede Rede wird mit ihnen gemeinsam individuell erstellt.<br>Nur so kann ich auf ihre pers\u00f6nlichen W\u00fcnsche eingehen und die sind bei jedem anders gelagert.<\/p>\n\n\n\n<p class=\"has-text-align-center has-black-color has-text-color\" style=\"font-size:18px\"><br><strong>Ist ein pers\u00f6nliches Kennenlerngespr\u00e4ch notwendig?<\/strong><br><br>Ja unbedingt, denn die gegenseitige Sympathie ist die Grundlage einer erfolgreichen Zusammenarbeit.<\/p>\n\n\n\n<p class=\"has-text-align-center has-black-color has-text-color\" style=\"font-size:18px\"><br><strong>Gibt es Regeln f\u00fcr ihre Feier?<\/strong><br><br>Es gibt keine Vorgaben und genau das macht eine perfekte Zeremonie aus.<br>Sie tr\u00e4gt ihre Handschrift.<br>Wichtig ist nur, was ihnen gef\u00e4llt und wichtig ist.<br>Egal welcher Ort, welche Zeit, welcher Ablauf, welches Motto.<br>Nat\u00fcrlich ist auch die Dauer der Rede frei w\u00e4hlbar.<\/p>\n\n\n\n<p class=\"has-text-align-center has-black-color has-text-color\" style=\"font-size:18px\"><br><strong>Warum sollten sie mich als ihren freien Redner buchen?<\/strong><br><br>F\u00fcr die perfekte freie Zeremonie bedarf es mehr als nur sch\u00f6ne Worte.<br>Entscheidend f\u00fcr das Gelingen ist eine gr\u00fcndliche Vorarbeit.<br>Deshalb begleite ich sie auch w\u00e4hrend der gesamten Vorbereitungsphase.<br>Mit meiner Erfahrung erleichtere ich ihnen die Planung und Umsetzung ihrer Zeremonie.<br>\u00dcberlasse nichts dem Zufall, sondern setze ihre Vorstellungen und W\u00fcnsche in Absprache mit ihnen perfekt um.<br>Das bedeutet f\u00fcr sie eine gro\u00dfe Stress- und Zeitersparnis.<br>So steht einer gelungenen Feier nichts mehr im Wege.<br>W\u00e4hrend der gesamten Dauer unserer Zusammenarbeit bin ich gerne ihr Ruhepol.<\/p>\n\n\n\n<p class=\"has-text-align-center has-black-color has-text-color\" style=\"font-size:18px\"><br><strong>Auch ein guter Freund k\u00f6nnte die Rede halten?<\/strong><br><br>Die Planung des gesamten Ablaufes einer Zeremonie bedeutet einen hohen Arbeits- und Zeitaufwand.<br>Daf\u00fcr gibt es wie in allen anderen Bereichen auch Profis mit viel Erfahrung.<br>Ihre Freunde k\u00f6nnen dann tats\u00e4chlich G\u00e4ste sein und m\u00fcssen sich keine Gedanken machen.<br>So k\u00f6nnen alle die Feier in vollen Z\u00fcgen genie\u00dfen.<\/p>\n\n\n\n<p class=\"has-text-align-center has-black-color has-text-color\" style=\"font-size:18px\"><br><strong>Kann man andere Personen in die Zeremonie mit einbinden?<\/strong><br><br>Selbstverst\u00e4ndlich, vor allem Kinder oder Tiere k\u00f6nnen sehr gut miteinbezogen werden.<\/p>\n\n\n\n<p class=\"has-text-align-center has-black-color has-text-color\" style=\"font-size:18px\"><br><strong>Mit welchen Kosten muss man f\u00fcr eine freie Zeremonie rechnen?<\/strong><br><br>Preis auf Anfrage: variiert je nach Art, Umfang und Entfernung.<\/p>\n\n\n\n<p class=\"has-text-align-center has-black-color has-text-color\" style=\"font-size:18px\"><br><strong>Wo bin ich f\u00fcr sie verf\u00fcgbar?<\/strong><br><br>in Wien, Nieder\u00f6sterreich, Burgenland, Steiermark, Ober\u00f6sterreich bzw. andere \u00d6rtlichkeiten im In- und Ausland nach Absprache.<\/p>\n\n\n\n<div class=\"wp-block-buttons alignfull is-content-justification-center is-layout-flex wp-block-buttons-is-layout-flex\"><\/div>\n\n\n<div class=\"wp-block-button has-custom-font-size is-style-outline\" style=\"font-size: 18px; text-align: center;\"><a class=\"wp-block-button__link has-black-color has-text-color\" href=\"#\" onclick=\"window.history.back();return false;\">Zur\u00fcck<\/a><\/div>","protected":false},"excerpt":{"rendered":"<p>H\u00c4UFIG GESTELLTE FRAGEN Werden spezielle Pakete angeboten? Nein, jede Rede wird mit ihnen gemeinsam individuell erstellt.Nur so kann ich auf ihre pers\u00f6nlichen W\u00fcnsche eingehen und die sind bei jedem anders &#8230;<\/p>\n","protected":false},"author":1,"featured_media":0,"parent":0,"menu_order":0,"comment_status":"closed","ping_status":"closed","template":"","meta":{"footnotes":""},"class_list":["post-1946","page","type-page","status-publish","hentry"],"yoast_head":"<!-- This site is optimized with the Yoast SEO plugin v26.6 - https:\/\/yoast.com\/wordpress\/plugins\/seo\/ -->\n<title>Freie Trauung, Heiraten, Hochzeit, Trauredner, Hochzeitsredner, Erneuerung des Eheversprechens, Willkommensfeier, Freie Hochzeitszermonie, Freier Redner<\/title>\n<meta name=\"description\" content=\"Freie Trauung, Heiraten, Hochzeit, Trauredner, Hochzeitsredner, Erneuerung des Eheversprechens, Willkommensfeier, Freie Hochzeitszermonie, Freier Redner\" \/>\n<meta name=\"robots\" content=\"index, follow, max-snippet:-1, max-image-preview:large, max-video-preview:-1\" \/>\n<link rel=\"canonical\" href=\"https:\/\/ihr-redner.at\/index.php\/faq\/\" \/>\n<meta property=\"og:locale\" content=\"de_DE\" \/>\n<meta property=\"og:type\" content=\"article\" \/>\n<meta property=\"og:title\" content=\"Freie Trauung, Heiraten, Hochzeit, Trauredner, Hochzeitsredner, Erneuerung des Eheversprechens, Willkommensfeier, Freie Hochzeitszermonie, Freier Redner\" \/>\n<meta property=\"og:description\" content=\"Freie Trauung, Heiraten, Hochzeit, Trauredner, Hochzeitsredner, Erneuerung des Eheversprechens, Willkommensfeier, Freie Hochzeitszermonie, Freier Redner\" \/>\n<meta property=\"og:url\" content=\"https:\/\/ihr-redner.at\/index.php\/faq\/\" \/>\n<meta property=\"og:site_name\" content=\"Ihr Redner - Erwin Eisenschin\" \/>\n<meta property=\"article:publisher\" content=\"https:\/\/www.facebook.com\/ihrredner\" \/>\n<meta property=\"article:modified_time\" content=\"2021-10-05T18:58:18+00:00\" \/>\n<meta name=\"twitter:card\" content=\"summary_large_image\" \/>\n<meta name=\"twitter:label1\" content=\"Gesch\u00e4tzte Lesezeit\" \/>\n\t<meta name=\"twitter:data1\" content=\"2\u00a0Minuten\" \/>\n<script type=\"application\/ld+json\" class=\"yoast-schema-graph\">{\"@context\":\"https:\/\/schema.org\",\"@graph\":[{\"@type\":\"WebPage\",\"@id\":\"https:\/\/ihr-redner.at\/index.php\/faq\/\",\"url\":\"https:\/\/ihr-redner.at\/index.php\/faq\/\",\"name\":\"Freie Trauung, Heiraten, Hochzeit, Trauredner, Hochzeitsredner, Erneuerung des Eheversprechens, Willkommensfeier, Freie Hochzeitszermonie, Freier Redner\",\"isPartOf\":{\"@id\":\"https:\/\/ihr-redner.at\/#website\"},\"datePublished\":\"2021-10-01T18:26:10+00:00\",\"dateModified\":\"2021-10-05T18:58:18+00:00\",\"description\":\"Freie Trauung, Heiraten, Hochzeit, Trauredner, Hochzeitsredner, Erneuerung des Eheversprechens, Willkommensfeier, Freie Hochzeitszermonie, Freier Redner\",\"breadcrumb\":{\"@id\":\"https:\/\/ihr-redner.at\/index.php\/faq\/#breadcrumb\"},\"inLanguage\":\"de\",\"potentialAction\":[{\"@type\":\"ReadAction\",\"target\":[\"https:\/\/ihr-redner.at\/index.php\/faq\/\"]}]},{\"@type\":\"BreadcrumbList\",\"@id\":\"https:\/\/ihr-redner.at\/index.php\/faq\/#breadcrumb\",\"itemListElement\":[{\"@type\":\"ListItem\",\"position\":1,\"name\":\"Startseite\",\"item\":\"https:\/\/ihr-redner.at\/\"},{\"@type\":\"ListItem\",\"position\":2,\"name\":\"FAQ\"}]},{\"@type\":\"WebSite\",\"@id\":\"https:\/\/ihr-redner.at\/#website\",\"url\":\"https:\/\/ihr-redner.at\/\",\"name\":\"Ihr Redner - Erwin Eisenschin\",\"description\":\"Freie Trauung, Heiraten, Hochzeit, Trauredner, Hochzeitsredner, Erneuerung des Eheversprechens, Willkommensfeier, Freie Hochzeitszermonie, Freier Redner\",\"publisher\":{\"@id\":\"https:\/\/ihr-redner.at\/#organization\"},\"alternateName\":\"Freie Trauung, Heiraten, Hochzeit, Trauredner, Hochzeitsredner, Erneuerung des Eheversprechens, Willkommensfeier, Freie Hochzeitszermonie, Freier Redner\",\"potentialAction\":[{\"@type\":\"SearchAction\",\"target\":{\"@type\":\"EntryPoint\",\"urlTemplate\":\"https:\/\/ihr-redner.at\/?s={search_term_string}\"},\"query-input\":{\"@type\":\"PropertyValueSpecification\",\"valueRequired\":true,\"valueName\":\"search_term_string\"}}],\"inLanguage\":\"de\"},{\"@type\":\"Organization\",\"@id\":\"https:\/\/ihr-redner.at\/#organization\",\"name\":\"Ihr Redner - Erwin Eisenschin\",\"url\":\"https:\/\/ihr-redner.at\/\",\"logo\":{\"@type\":\"ImageObject\",\"inLanguage\":\"de\",\"@id\":\"https:\/\/ihr-redner.at\/#\/schema\/logo\/image\/\",\"url\":\"https:\/\/ihr-redner.at\/wp-content\/uploads\/2021\/10\/mstile-310x310-1.png\",\"contentUrl\":\"https:\/\/ihr-redner.at\/wp-content\/uploads\/2021\/10\/mstile-310x310-1.png\",\"width\":310,\"height\":310,\"caption\":\"Ihr Redner - Erwin Eisenschin\"},\"image\":{\"@id\":\"https:\/\/ihr-redner.at\/#\/schema\/logo\/image\/\"},\"sameAs\":[\"https:\/\/www.facebook.com\/ihrredner\",\"https:\/\/www.youtube.com\/channel\/UCYlEtcoCTppm_l7bnd35FFQ\/featured\",\"https:\/\/www.instagram.com\/ihr_redner_erwin_eisenschin\/?hl=de\"]}]}<\/script>\n<!-- \/ Yoast SEO plugin. -->","yoast_head_json":{"title":"Freie Trauung, Heiraten, Hochzeit, Trauredner, Hochzeitsredner, Erneuerung des Eheversprechens, Willkommensfeier, Freie Hochzeitszermonie, Freier Redner","description":"Freie Trauung, Heiraten, Hochzeit, Trauredner, Hochzeitsredner, Erneuerung des Eheversprechens, Willkommensfeier, Freie Hochzeitszermonie, Freier Redner","robots":{"index":"index","follow":"follow","max-snippet":"max-snippet:-1","max-image-preview":"max-image-preview:large","max-video-preview":"max-video-preview:-1"},"canonical":"https:\/\/ihr-redner.at\/index.php\/faq\/","og_locale":"de_DE","og_type":"article","og_title":"Freie Trauung, Heiraten, Hochzeit, Trauredner, Hochzeitsredner, Erneuerung des Eheversprechens, Willkommensfeier, Freie Hochzeitszermonie, Freier Redner","og_description":"Freie Trauung, Heiraten, Hochzeit, Trauredner, Hochzeitsredner, Erneuerung des Eheversprechens, Willkommensfeier, Freie Hochzeitszermonie, Freier Redner","og_url":"https:\/\/ihr-redner.at\/index.php\/faq\/","og_site_name":"Ihr Redner - Erwin Eisenschin","article_publisher":"https:\/\/www.facebook.com\/ihrredner","article_modified_time":"2021-10-05T18:58:18+00:00","twitter_card":"summary_large_image","twitter_misc":{"Gesch\u00e4tzte Lesezeit":"2\u00a0Minuten"},"schema":{"@context":"https:\/\/schema.org","@graph":[{"@type":"WebPage","@id":"https:\/\/ihr-redner.at\/index.php\/faq\/","url":"https:\/\/ihr-redner.at\/index.php\/faq\/","name":"Freie Trauung, Heiraten, Hochzeit, Trauredner, Hochzeitsredner, Erneuerung des Eheversprechens, Willkommensfeier, Freie Hochzeitszermonie, Freier Redner","isPartOf":{"@id":"https:\/\/ihr-redner.at\/#website"},"datePublished":"2021-10-01T18:26:10+00:00","dateModified":"2021-10-05T18:58:18+00:00","description":"Freie Trauung, Heiraten, Hochzeit, Trauredner, Hochzeitsredner, Erneuerung des Eheversprechens, Willkommensfeier, Freie Hochzeitszermonie, Freier Redner","breadcrumb":{"@id":"https:\/\/ihr-redner.at\/index.php\/faq\/#breadcrumb"},"inLanguage":"de","potentialAction":[{"@type":"ReadAction","target":["https:\/\/ihr-redner.at\/index.php\/faq\/"]}]},{"@type":"BreadcrumbList","@id":"https:\/\/ihr-redner.at\/index.php\/faq\/#breadcrumb","itemListElement":[{"@type":"ListItem","position":1,"name":"Startseite","item":"https:\/\/ihr-redner.at\/"},{"@type":"ListItem","position":2,"name":"FAQ"}]},{"@type":"WebSite","@id":"https:\/\/ihr-redner.at\/#website","url":"https:\/\/ihr-redner.at\/","name":"Ihr Redner - Erwin Eisenschin","description":"Freie Trauung, Heiraten, Hochzeit, Trauredner, Hochzeitsredner, Erneuerung des Eheversprechens, Willkommensfeier, Freie Hochzeitszermonie, Freier Redner","publisher":{"@id":"https:\/\/ihr-redner.at\/#organization"},"alternateName":"Freie Trauung, Heiraten, Hochzeit, Trauredner, Hochzeitsredner, Erneuerung des Eheversprechens, Willkommensfeier, Freie Hochzeitszermonie, Freier Redner","potentialAction":[{"@type":"SearchAction","target":{"@type":"EntryPoint","urlTemplate":"https:\/\/ihr-redner.at\/?s={search_term_string}"},"query-input":{"@type":"PropertyValueSpecification","valueRequired":true,"valueName":"search_term_string"}}],"inLanguage":"de"},{"@type":"Organization","@id":"https:\/\/ihr-redner.at\/#organization","name":"Ihr Redner - Erwin Eisenschin","url":"https:\/\/ihr-redner.at\/","logo":{"@type":"ImageObject","inLanguage":"de","@id":"https:\/\/ihr-redner.at\/#\/schema\/logo\/image\/","url":"https:\/\/ihr-redner.at\/wp-content\/uploads\/2021\/10\/mstile-310x310-1.png","contentUrl":"https:\/\/ihr-redner.at\/wp-content\/uploads\/2021\/10\/mstile-310x310-1.png","width":310,"height":310,"caption":"Ihr Redner - Erwin Eisenschin"},"image":{"@id":"https:\/\/ihr-redner.at\/#\/schema\/logo\/image\/"},"sameAs":["https:\/\/www.facebook.com\/ihrredner","https:\/\/www.youtube.com\/channel\/UCYlEtcoCTppm_l7bnd35FFQ\/featured","https:\/\/www.instagram.com\/ihr_redner_erwin_eisenschin\/?hl=de"]}]}},"_links":{"self":[{"href":"https:\/\/ihr-redner.at\/index.php\/wp-json\/wp\/v2\/pages\/1946","targetHints":{"allow":["GET"]}}],"collection":[{"href":"https:\/\/ihr-redner.at\/index.php\/wp-json\/wp\/v2\/pages"}],"about":[{"href":"https:\/\/ihr-redner.at\/index.php\/wp-json\/wp\/v2\/types\/page"}],"author":[{"embeddable":true,"href":"https:\/\/ihr-redner.at\/index.php\/wp-json\/wp\/v2\/users\/1"}],"replies":[{"embeddable":true,"href":"https:\/\/ihr-redner.at\/index.php\/wp-json\/wp\/v2\/comments?post=1946"}],"version-history":[{"count":10,"href":"https:\/\/ihr-redner.at\/index.php\/wp-json\/wp\/v2\/pages\/1946\/revisions"}],"predecessor-version":[{"id":2399,"href":"https:\/\/ihr-redner.at\/index.php\/wp-json\/wp\/v2\/pages\/1946\/revisions\/2399"}],"wp:attachment":[{"href":"https:\/\/ihr-redner.at\/index.php\/wp-json\/wp\/v2\/media?parent=1946"}],"curies":[{"name":"wp","href":"https:\/\/api.w.org\/{rel}","templated":true}]}}