{"id":1807,"date":"2021-09-28T18:37:23","date_gmt":"2021-09-28T18:37:23","guid":{"rendered":"https:\/\/v2.ihr-redner.at\/?page_id=1807"},"modified":"2021-10-04T14:46:09","modified_gmt":"2021-10-04T14:46:09","slug":"service","status":"publish","type":"page","link":"https:\/\/ihr-redner.at\/index.php\/service\/","title":{"rendered":"Service"},"content":{"rendered":"\n<h1 class=\"alignwide has-text-align-center wp-block-heading\">MEIN SERVICE<br><br><\/h1>\n\n\n\n<p class=\"has-text-align-center has-black-color has-text-color\" style=\"font-size:18px\">Nach Erhalt ihrer Anfrage kontaktiere ich sie&nbsp;umgehend telefonisch oder per Mail.&nbsp;&nbsp;<br><br>Wir vereinbaren&nbsp;ein unverbindliches&nbsp;Treffen&nbsp;und besprechen ihre W\u00fcnsche und Vorstellungen.&nbsp;<br><br>Wenn die gegenseitige Sympathie stimmt, steht einer erfolgreichen Zusammenarbeit nichts mehr im Weg.<br><br>Per Fragebogen&nbsp;erfahre ich N\u00e4heres&nbsp;\u00fcber sie, ihre Beziehung bzw. ihre Familie.<br><br>Diese Informationen bilden dann die Grundlage meiner Rede.<br><br>Unser n\u00e4chstes&nbsp;pers\u00f6nliches Treffen<strong>&nbsp;<\/strong>ist ein&nbsp; ausf\u00fchrliches&nbsp; Vorbereitungsgespr\u00e4ch mit folgenden Themen:<\/p>\n\n\n\n<p class=\"has-text-align-center has-text-color\" style=\"color:#434343;font-size:18px\">Ablauf, Gestaltung bzw. Motto der Zeremonie<\/p>\n\n\n\n<p class=\"has-text-align-center has-text-color\" style=\"color:#434343;font-size:18px\">Rituale und deren Bedeutung<\/p>\n\n\n\n<p class=\"has-text-align-center has-text-color\" style=\"color:#434343;font-size:18px\">Unterst\u00fctzung bei der Auswahl pers\u00f6nlicher Worte<\/p>\n\n\n\n<p class=\"has-text-align-center has-text-color\" style=\"color:#434343;font-size:18px\">Absprache eventueller Beitr\u00e4ge bzw. Einbindung ihrer Familie oder Freunde<\/p>\n\n\n\n<p class=\"has-text-align-center has-text-color\" style=\"color:#434343;font-size:18px\">Weiters besprechen wir Organisatorisches rund um ihre Feier<\/p>\n\n\n\n<p class=\"has-text-align-center has-text-color\" style=\"color:#434343;font-size:18px\">Abschlie\u00dfend Abkl\u00e4rung aller&nbsp;noch offenen Fragen und Unklarheiten<\/p>\n\n\n\n<p class=\"has-text-align-center has-black-color has-text-color\" style=\"font-size:18px\"><br><br>Nach dem Gespr\u00e4ch&nbsp;erhalten sie&nbsp;eine schriftliche Zusammenfassung und den geplanten Ablauf ihrer Zeremonie.&nbsp;<br><br>Ich erstelle an Hand ihrer Informationen und W\u00fcnsche&nbsp;eine auf sie pers\u00f6nlich zugeschnittene Rede.&nbsp;<br><br>Bei Bedarf kommunizieren wir&nbsp;telefonisch oder per Mail um \u00c4nderungen oder Fragen so schnell wie m\u00f6glich zu kl\u00e4ren.<br><br>Nach Absprache besteht nat\u00fcrlich auch die M\u00f6glichkeit eines weiteren pers\u00f6nlichen Treffens.&nbsp;<br><br>Am Tag der Feier&nbsp;stehe ich eine Stunde vor Beginn&nbsp;f\u00fcr letzte Detailabsprachen&nbsp;mit ihnen, Musikern, Fotografen etc.&nbsp;zur Verf\u00fcgung.&nbsp;<br><br>Ich f\u00fchre sie&nbsp;durch ihre Zeremonie&nbsp;und sie k\u00f6nnen den feierlichen Rahmen entspannt genie\u00dfen.<\/p>\n\n\n<div class=\"wp-block-button has-custom-font-size is-style-outline\" style=\"font-size: 18px; text-align: center;\"><a class=\"wp-block-button__link has-black-color has-text-color\" href=\"#\" onclick=\"window.history.back();return false;\">Zur\u00fcck<\/a><\/div>","protected":false},"excerpt":{"rendered":"<p>MEIN SERVICE Nach Erhalt ihrer Anfrage kontaktiere ich sie&nbsp;umgehend telefonisch oder per Mail.&nbsp;&nbsp; Wir vereinbaren&nbsp;ein unverbindliches&nbsp;Treffen&nbsp;und besprechen ihre W\u00fcnsche und Vorstellungen.&nbsp; Wenn die gegenseitige Sympathie stimmt, steht einer erfolgreichen Zusammenarbeit &#8230;<\/p>\n","protected":false},"author":1,"featured_media":0,"parent":0,"menu_order":0,"comment_status":"closed","ping_status":"closed","template":"","meta":{"footnotes":""},"class_list":["post-1807","page","type-page","status-publish","hentry"],"yoast_head":"<!-- This site is optimized with the Yoast SEO plugin v26.6 - https:\/\/yoast.com\/wordpress\/plugins\/seo\/ -->\n<title>Freie Trauung, Heiraten, Hochzeit, Trauredner, Hochzeitsredner, Erneuerung des Eheversprechens, Willkommensfeier, Freie Hochzeitszermonie, Freier Redner<\/title>\n<meta name=\"description\" content=\"Freie Trauung, Heiraten, Hochzeit, Trauredner, Hochzeitsredner, Erneuerung des Eheversprechens, Willkommensfeier, Freie Hochzeitszermonie, Freier Redner\" \/>\n<meta name=\"robots\" content=\"index, follow, max-snippet:-1, max-image-preview:large, max-video-preview:-1\" \/>\n<link rel=\"canonical\" href=\"https:\/\/ihr-redner.at\/index.php\/service\/\" \/>\n<meta property=\"og:locale\" content=\"de_DE\" \/>\n<meta property=\"og:type\" content=\"article\" \/>\n<meta property=\"og:title\" content=\"Freie Trauung, Heiraten, Hochzeit, Trauredner, Hochzeitsredner, Erneuerung des Eheversprechens, Willkommensfeier, Freie Hochzeitszermonie, Freier Redner\" \/>\n<meta property=\"og:description\" content=\"Freie Trauung, Heiraten, Hochzeit, Trauredner, Hochzeitsredner, Erneuerung des Eheversprechens, Willkommensfeier, Freie Hochzeitszermonie, Freier Redner\" \/>\n<meta property=\"og:url\" content=\"https:\/\/ihr-redner.at\/index.php\/service\/\" \/>\n<meta property=\"og:site_name\" content=\"Ihr Redner - Erwin Eisenschin\" \/>\n<meta property=\"article:publisher\" content=\"https:\/\/www.facebook.com\/ihrredner\" \/>\n<meta property=\"article:modified_time\" content=\"2021-10-04T14:46:09+00:00\" \/>\n<meta name=\"twitter:card\" content=\"summary_large_image\" \/>\n<meta name=\"twitter:label1\" content=\"Gesch\u00e4tzte Lesezeit\" \/>\n\t<meta name=\"twitter:data1\" content=\"1\u00a0Minute\" \/>\n<script type=\"application\/ld+json\" class=\"yoast-schema-graph\">{\"@context\":\"https:\/\/schema.org\",\"@graph\":[{\"@type\":\"WebPage\",\"@id\":\"https:\/\/ihr-redner.at\/index.php\/service\/\",\"url\":\"https:\/\/ihr-redner.at\/index.php\/service\/\",\"name\":\"Freie Trauung, Heiraten, Hochzeit, Trauredner, Hochzeitsredner, Erneuerung des Eheversprechens, Willkommensfeier, Freie Hochzeitszermonie, Freier Redner\",\"isPartOf\":{\"@id\":\"https:\/\/ihr-redner.at\/#website\"},\"datePublished\":\"2021-09-28T18:37:23+00:00\",\"dateModified\":\"2021-10-04T14:46:09+00:00\",\"description\":\"Freie Trauung, Heiraten, Hochzeit, Trauredner, Hochzeitsredner, Erneuerung des Eheversprechens, Willkommensfeier, Freie Hochzeitszermonie, Freier Redner\",\"breadcrumb\":{\"@id\":\"https:\/\/ihr-redner.at\/index.php\/service\/#breadcrumb\"},\"inLanguage\":\"de\",\"potentialAction\":[{\"@type\":\"ReadAction\",\"target\":[\"https:\/\/ihr-redner.at\/index.php\/service\/\"]}]},{\"@type\":\"BreadcrumbList\",\"@id\":\"https:\/\/ihr-redner.at\/index.php\/service\/#breadcrumb\",\"itemListElement\":[{\"@type\":\"ListItem\",\"position\":1,\"name\":\"Startseite\",\"item\":\"https:\/\/ihr-redner.at\/\"},{\"@type\":\"ListItem\",\"position\":2,\"name\":\"Service\"}]},{\"@type\":\"WebSite\",\"@id\":\"https:\/\/ihr-redner.at\/#website\",\"url\":\"https:\/\/ihr-redner.at\/\",\"name\":\"Ihr Redner - Erwin Eisenschin\",\"description\":\"Freie Trauung, Heiraten, Hochzeit, Trauredner, Hochzeitsredner, Erneuerung des Eheversprechens, Willkommensfeier, Freie Hochzeitszermonie, Freier Redner\",\"publisher\":{\"@id\":\"https:\/\/ihr-redner.at\/#organization\"},\"alternateName\":\"Freie Trauung, Heiraten, Hochzeit, Trauredner, Hochzeitsredner, Erneuerung des Eheversprechens, Willkommensfeier, Freie Hochzeitszermonie, Freier Redner\",\"potentialAction\":[{\"@type\":\"SearchAction\",\"target\":{\"@type\":\"EntryPoint\",\"urlTemplate\":\"https:\/\/ihr-redner.at\/?s={search_term_string}\"},\"query-input\":{\"@type\":\"PropertyValueSpecification\",\"valueRequired\":true,\"valueName\":\"search_term_string\"}}],\"inLanguage\":\"de\"},{\"@type\":\"Organization\",\"@id\":\"https:\/\/ihr-redner.at\/#organization\",\"name\":\"Ihr Redner - Erwin Eisenschin\",\"url\":\"https:\/\/ihr-redner.at\/\",\"logo\":{\"@type\":\"ImageObject\",\"inLanguage\":\"de\",\"@id\":\"https:\/\/ihr-redner.at\/#\/schema\/logo\/image\/\",\"url\":\"https:\/\/ihr-redner.at\/wp-content\/uploads\/2021\/10\/mstile-310x310-1.png\",\"contentUrl\":\"https:\/\/ihr-redner.at\/wp-content\/uploads\/2021\/10\/mstile-310x310-1.png\",\"width\":310,\"height\":310,\"caption\":\"Ihr Redner - Erwin Eisenschin\"},\"image\":{\"@id\":\"https:\/\/ihr-redner.at\/#\/schema\/logo\/image\/\"},\"sameAs\":[\"https:\/\/www.facebook.com\/ihrredner\",\"https:\/\/www.youtube.com\/channel\/UCYlEtcoCTppm_l7bnd35FFQ\/featured\",\"https:\/\/www.instagram.com\/ihr_redner_erwin_eisenschin\/?hl=de\"]}]}<\/script>\n<!-- \/ Yoast SEO plugin. -->","yoast_head_json":{"title":"Freie Trauung, Heiraten, Hochzeit, Trauredner, Hochzeitsredner, Erneuerung des Eheversprechens, Willkommensfeier, Freie Hochzeitszermonie, Freier Redner","description":"Freie Trauung, Heiraten, Hochzeit, Trauredner, Hochzeitsredner, Erneuerung des Eheversprechens, Willkommensfeier, Freie Hochzeitszermonie, Freier Redner","robots":{"index":"index","follow":"follow","max-snippet":"max-snippet:-1","max-image-preview":"max-image-preview:large","max-video-preview":"max-video-preview:-1"},"canonical":"https:\/\/ihr-redner.at\/index.php\/service\/","og_locale":"de_DE","og_type":"article","og_title":"Freie Trauung, Heiraten, Hochzeit, Trauredner, Hochzeitsredner, Erneuerung des Eheversprechens, Willkommensfeier, Freie Hochzeitszermonie, Freier Redner","og_description":"Freie Trauung, Heiraten, Hochzeit, Trauredner, Hochzeitsredner, Erneuerung des Eheversprechens, Willkommensfeier, Freie Hochzeitszermonie, Freier Redner","og_url":"https:\/\/ihr-redner.at\/index.php\/service\/","og_site_name":"Ihr Redner - Erwin Eisenschin","article_publisher":"https:\/\/www.facebook.com\/ihrredner","article_modified_time":"2021-10-04T14:46:09+00:00","twitter_card":"summary_large_image","twitter_misc":{"Gesch\u00e4tzte Lesezeit":"1\u00a0Minute"},"schema":{"@context":"https:\/\/schema.org","@graph":[{"@type":"WebPage","@id":"https:\/\/ihr-redner.at\/index.php\/service\/","url":"https:\/\/ihr-redner.at\/index.php\/service\/","name":"Freie Trauung, Heiraten, Hochzeit, Trauredner, Hochzeitsredner, Erneuerung des Eheversprechens, Willkommensfeier, Freie Hochzeitszermonie, Freier Redner","isPartOf":{"@id":"https:\/\/ihr-redner.at\/#website"},"datePublished":"2021-09-28T18:37:23+00:00","dateModified":"2021-10-04T14:46:09+00:00","description":"Freie Trauung, Heiraten, Hochzeit, Trauredner, Hochzeitsredner, Erneuerung des Eheversprechens, Willkommensfeier, Freie Hochzeitszermonie, Freier Redner","breadcrumb":{"@id":"https:\/\/ihr-redner.at\/index.php\/service\/#breadcrumb"},"inLanguage":"de","potentialAction":[{"@type":"ReadAction","target":["https:\/\/ihr-redner.at\/index.php\/service\/"]}]},{"@type":"BreadcrumbList","@id":"https:\/\/ihr-redner.at\/index.php\/service\/#breadcrumb","itemListElement":[{"@type":"ListItem","position":1,"name":"Startseite","item":"https:\/\/ihr-redner.at\/"},{"@type":"ListItem","position":2,"name":"Service"}]},{"@type":"WebSite","@id":"https:\/\/ihr-redner.at\/#website","url":"https:\/\/ihr-redner.at\/","name":"Ihr Redner - Erwin Eisenschin","description":"Freie Trauung, Heiraten, Hochzeit, Trauredner, Hochzeitsredner, Erneuerung des Eheversprechens, Willkommensfeier, Freie Hochzeitszermonie, Freier Redner","publisher":{"@id":"https:\/\/ihr-redner.at\/#organization"},"alternateName":"Freie Trauung, Heiraten, Hochzeit, Trauredner, Hochzeitsredner, Erneuerung des Eheversprechens, Willkommensfeier, Freie Hochzeitszermonie, Freier Redner","potentialAction":[{"@type":"SearchAction","target":{"@type":"EntryPoint","urlTemplate":"https:\/\/ihr-redner.at\/?s={search_term_string}"},"query-input":{"@type":"PropertyValueSpecification","valueRequired":true,"valueName":"search_term_string"}}],"inLanguage":"de"},{"@type":"Organization","@id":"https:\/\/ihr-redner.at\/#organization","name":"Ihr Redner - Erwin Eisenschin","url":"https:\/\/ihr-redner.at\/","logo":{"@type":"ImageObject","inLanguage":"de","@id":"https:\/\/ihr-redner.at\/#\/schema\/logo\/image\/","url":"https:\/\/ihr-redner.at\/wp-content\/uploads\/2021\/10\/mstile-310x310-1.png","contentUrl":"https:\/\/ihr-redner.at\/wp-content\/uploads\/2021\/10\/mstile-310x310-1.png","width":310,"height":310,"caption":"Ihr Redner - Erwin Eisenschin"},"image":{"@id":"https:\/\/ihr-redner.at\/#\/schema\/logo\/image\/"},"sameAs":["https:\/\/www.facebook.com\/ihrredner","https:\/\/www.youtube.com\/channel\/UCYlEtcoCTppm_l7bnd35FFQ\/featured","https:\/\/www.instagram.com\/ihr_redner_erwin_eisenschin\/?hl=de"]}]}},"_links":{"self":[{"href":"https:\/\/ihr-redner.at\/index.php\/wp-json\/wp\/v2\/pages\/1807","targetHints":{"allow":["GET"]}}],"collection":[{"href":"https:\/\/ihr-redner.at\/index.php\/wp-json\/wp\/v2\/pages"}],"about":[{"href":"https:\/\/ihr-redner.at\/index.php\/wp-json\/wp\/v2\/types\/page"}],"author":[{"embeddable":true,"href":"https:\/\/ihr-redner.at\/index.php\/wp-json\/wp\/v2\/users\/1"}],"replies":[{"embeddable":true,"href":"https:\/\/ihr-redner.at\/index.php\/wp-json\/wp\/v2\/comments?post=1807"}],"version-history":[{"count":54,"href":"https:\/\/ihr-redner.at\/index.php\/wp-json\/wp\/v2\/pages\/1807\/revisions"}],"predecessor-version":[{"id":2369,"href":"https:\/\/ihr-redner.at\/index.php\/wp-json\/wp\/v2\/pages\/1807\/revisions\/2369"}],"wp:attachment":[{"href":"https:\/\/ihr-redner.at\/index.php\/wp-json\/wp\/v2\/media?parent=1807"}],"curies":[{"name":"wp","href":"https:\/\/api.w.org\/{rel}","templated":true}]}}